{"id":460,"date":"2021-03-12T09:45:55","date_gmt":"2021-03-12T08:45:55","guid":{"rendered":"https:\/\/mbc.mc\/mentions-legales\/"},"modified":"2022-06-29T10:14:11","modified_gmt":"2022-06-29T08:14:11","slug":"avviso-legale","status":"publish","type":"page","link":"https:\/\/mbc.mc\/it\/avviso-legale\/","title":{"rendered":"Avviso legale"},"content":{"rendered":"<p>Le site <a href=\"\/\">mbc.mc<\/a> est \u00e9dit\u00e9, g\u00e9r\u00e9 et mis \u00e0 jour par <strong>Monaco Business Center<\/strong>, dont le si\u00e8ge social se situe au : Le Coronado 20, avenue de Fontvieille 98000 Monaco<br \/>\nT\u00e9l. : (+377) 92 05 58 18<\/p>\n<p>Directeurs de la publication : Manuela VARON<br \/>\nE-mail : info@mbc.mc<\/p>\n<p>Cr\u00e9dits photos : Adobe Stock &amp; Monaco Business Center<\/p>\n<p>H\u00e9bergement du site assur\u00e9 par la soci\u00e9t\u00e9<br \/>\nSAS OVH \u2013 2 rue Kellermann \u2013 59100 Roubaix \u2013 France.<\/p>\n<h1>Contenu et objet du site<\/h1>\n<p>Le site <a href=\"\/\">mbc.mc<\/a> contient des informations relatives aux prestations r\u00e9alis\u00e9es par la soci\u00e9t\u00e9 Monaco Business Center.<\/p>\n<p>Toute information fournie sur le site <a href=\"\/\">mbc.mc<\/a> l\u2019est exclusivement \u00e0 titre indicatif.<\/p>\n<p>L\u2019information contenue sur ce site est con\u00e7ue pour \u00eatre aussi exhaustive que possible et ne constitue pas une offre de vente. La soci\u00e9t\u00e9 Monaco Business Center se r\u00e9serve le droit d\u2019apporter, \u00e0 tout moment et sans pr\u00e9avis, des modifications au contenu du site, y compris aux produits ou services, \u00e0 leurs caract\u00e9ristiques et disponibilit\u00e9.<\/p>\n<h1>Avis de propri\u00e9t\u00e9 intellectuelle<\/h1>\n<p>Tous les \u00e9l\u00e9ments, contenus du site (photos, textes, slogans, dessins, animations, bandes sonores\u2026) sont la propri\u00e9t\u00e9 de Monaco Business Center ou de tiers ayant autoris\u00e9 Monaco Business Center \u00e0 les utiliser.<\/p>\n<p>Toute reproduction, repr\u00e9sentation, traduction, adaptation, ou citation qu\u2019elle soit int\u00e9grale ou partielle, quel qu\u2019en soit le proc\u00e9d\u00e9, est strictement interdite sans autorisation de la soci\u00e9t\u00e9 Monaco Business Center, sauf cas pr\u00e9vus par l\u2019article L.112-5 du code de la propri\u00e9t\u00e9 intellectuelle. Les marques cit\u00e9es sont la propri\u00e9t\u00e9 de leurs d\u00e9tenteurs respectifs. Photos non contractuelles.<\/p>\n<h1>Liens externes<\/h1>\n<p>Les liens externes pr\u00e9sents sur le site redirigent l\u2019utilisateur vers des sites dont le contenu et plac\u00e9 sous la responsabilit\u00e9 des \u00e9diteurs de ces sites. Monaco Business Center ne peut \u00eatre tenue responsable du contenu de ces sites.<\/p>\n<p>Le site et son contenu sont soumis au droit Mon\u00e9gasque.<\/p>\n","protected":false},"excerpt":{"rendered":"<p>Le site mbc.mc est \u00e9dit\u00e9, g\u00e9r\u00e9 et mis \u00e0 jour par Monaco Business Center, dont le si\u00e8ge social se situe au : Le Coronado 20, avenue de Fontvieille 98000 Monaco T\u00e9l. : (+377) 92 05 58 18 Directeurs de la<span class=\"ellipsis\">&hellip;<\/span> <a href=\"https:\/\/mbc.mc\/it\/avviso-legale\/\"><\/p>\n<div class=\"read-more\">Read more &#8250;<\/div>\n<p><!-- end of .read-more --><\/a><\/p>\n","protected":false},"author":1,"featured_media":0,"parent":0,"menu_order":0,"comment_status":"closed","ping_status":"closed","template":"template-full-width.php","meta":{"footnotes":""},"class_list":["post-460","page","type-page","status-publish","hentry"],"aioseo_notices":[],"acf":[],"_links":{"self":[{"href":"https:\/\/mbc.mc\/it\/wp-json\/wp\/v2\/pages\/460","targetHints":{"allow":["GET"]}}],"collection":[{"href":"https:\/\/mbc.mc\/it\/wp-json\/wp\/v2\/pages"}],"about":[{"href":"https:\/\/mbc.mc\/it\/wp-json\/wp\/v2\/types\/page"}],"author":[{"embeddable":true,"href":"https:\/\/mbc.mc\/it\/wp-json\/wp\/v2\/users\/1"}],"replies":[{"embeddable":true,"href":"https:\/\/mbc.mc\/it\/wp-json\/wp\/v2\/comments?post=460"}],"version-history":[{"count":2,"href":"https:\/\/mbc.mc\/it\/wp-json\/wp\/v2\/pages\/460\/revisions"}],"predecessor-version":[{"id":483,"href":"https:\/\/mbc.mc\/it\/wp-json\/wp\/v2\/pages\/460\/revisions\/483"}],"wp:attachment":[{"href":"https:\/\/mbc.mc\/it\/wp-json\/wp\/v2\/media?parent=460"}],"curies":[{"name":"wp","href":"https:\/\/api.w.org\/{rel}","templated":true}]}}